{"id":547,"date":"2021-05-19T22:15:58","date_gmt":"2021-05-19T20:15:58","guid":{"rendered":"https:\/\/anticslfb.com\/?page_id=547"},"modified":"2021-12-16T12:06:33","modified_gmt":"2021-12-16T11:06:33","slug":"associacio","status":"publish","type":"page","link":"https:\/\/anticslfb.com\/ca\/associacio\/","title":{"rendered":"Associaci\u00f3"},"content":{"rendered":"<p>[et_pb_section fb_built=&#8221;1&#8243; _builder_version=&#8221;4.9.2&#8243; _module_preset=&#8221;default&#8221; background_color=&#8221;#001e99&#8243; custom_padding=&#8221;30px||30px||false|false&#8221;][et_pb_row width=&#8221;100%&#8221; _builder_version=&#8221;4.9.2&#8243; _module_preset=&#8221;default&#8221; max_width=&#8221;2560px&#8221;][et_pb_column type=&#8221;4_4&#8243; _builder_version=&#8221;4.9.2&#8243; _module_preset=&#8221;default&#8221;][et_pb_text _builder_version=&#8221;4.9.2&#8243; _module_preset=&#8221;default&#8221; text_text_color=&#8221;#ffffff&#8221; header_font=&#8221;Paytone One|||on|||||&#8221; header_text_align=&#8221;center&#8221; header_text_color=&#8221;#ffffff&#8221; header_font_size=&#8221;32px&#8221; text_orientation=&#8221;center&#8221;]<\/p>\n<h1>L'associaci\u00f3<\/h1>\n<p>[\/et_pb_text][\/et_pb_column][\/et_pb_row][\/et_pb_section][et_pb_section fb_built=&#8221;1&#8243; _builder_version=&#8221;4.9.2&#8243; _module_preset=&#8221;default&#8221; custom_padding=&#8221;30px||||false|false&#8221;][et_pb_row _builder_version=&#8221;4.9.2&#8243; _module_preset=&#8221;default&#8221;][et_pb_column type=&#8221;4_4&#8243; _builder_version=&#8221;4.9.2&#8243; _module_preset=&#8221;default&#8221;][et_pb_text _builder_version=&#8221;4.9.2&#8243; _module_preset=&#8221;default&#8221;]<p> La nostra \u00e9s una escola de grans figures i grans traject\u00f2ries. Haver estudiat al Lyc\u00e9e marca de per vida, perqu\u00e8 el Lyc\u00e9e \u00e9s molt m\u00e9s que una escola, forja car\u00e0cter i una determinada manera de desenvolupar-se a la feina i a la vida. No en va a tots ens hi van ensenyar a pensar per nosaltres mateixos, a ser cr\u00edtics i gens conformistes, en definitiva, una escola que no ens va jutjar i ens va ajudar a que trob\u00e9ssim el nostre propi cam\u00ed per ser on som ara.<\/p>\n<p>Tots coneixeu el conte <i>\"El Petit Pr\u00edncep\"<\/i> de Saint-Exup\u00e9ry. Segons ell, tots tenim un Petit Pr\u00edncep dins nostre, nom\u00e9s hem de saber trobar-lo. El Lyc\u00e9e Fran\u00e7ais de Barcelona ens va ajudar a trobar en nosaltres aquell <i>Petit Pr\u00edncep<\/i> que ens va permetre fer realitat els nostres projectes i els nostres somnis.<\/p>\n<p> L'objectiu d'aquesta associaci\u00f3 \u00e9s donar el reconeixement a aquesta instituci\u00f3 que tant estimem i a qui volem agrair la feina incansable feta durant exactament 97 anys, encara que el nostre curs de Terminale estigui lluny per a alguns. Antics LFB vol implicar-se i ser \u00fatil en una societat que est\u00e0 redefinint els seus valors.<\/p>\n<p> Milers d\u2019antics alumnes porten al cor un valu\u00f3s bagatge d\u2019amistats, records, aprenentatges i viv\u00e8ncies que els continua vinculant amb el que el Lyc\u00e9e va significar per ells en a la seva infantesa i adolesc\u00e8ncia.<\/p>\n<p> El Lyc\u00e9e Fran\u00e7ais de Barcelona celebrar\u00e0 el seu centenari durant el curs 2024-2025, i Antics LFB vol ser un dels principals protagonistes d'aquest gran esdeveniment.<\/p>[\/et_pb_text][\/et_pb_column][\/et_pb_row][\/et_pb_section]<\/p>\n","protected":false},"excerpt":{"rendered":"<p>[et_pb_section fb_built=&#8221;1&#8243; _builder_version=&#8221;4.9.2&#8243; _module_preset=&#8221;default&#8221; background_color=&#8221;#001e99&#8243; custom_padding=&#8221;30px||30px||false|false&#8221;][et_pb_row width=&#8221;100%&#8221; _builder_version=&#8221;4.9.2&#8243; _module_preset=&#8221;default&#8221; max_width=&#8221;2560px&#8221;][et_pb_column type=&#8221;4_4&#8243; _builder_version=&#8221;4.9.2&#8243; _module_preset=&#8221;default&#8221;][et_pb_text _builder_version=&#8221;4.9.2&#8243; _module_preset=&#8221;default&#8221; text_text_color=&#8221;#ffffff&#8221; header_font=&#8221;Paytone One|||on|||||&#8221; header_text_align=&#8221;center&#8221; header_text_color=&#8221;#ffffff&#8221; header_font_size=&#8221;32px&#8221; text_orientation=&#8221;center&#8221;] [\/et_pb_text][\/et_pb_column][\/et_pb_row][\/et_pb_section][et_pb_section fb_built=&#8221;1&#8243; _builder_version=&#8221;4.9.2&#8243; _module_preset=&#8221;default&#8221; custom_padding=&#8221;30px||||false|false&#8221;][et_pb_row _builder_version=&#8221;4.9.2&#8243; _module_preset=&#8221;default&#8221;][et_pb_column type=&#8221;4_4&#8243; _builder_version=&#8221;4.9.2&#8243; _module_preset=&#8221;default&#8221;][et_pb_text _builder_version=&#8221;4.9.2&#8243; _module_preset=&#8221;default&#8221;][\/et_pb_text][\/et_pb_column][\/et_pb_row][\/et_pb_section]<\/p>\n","protected":false},"author":1,"featured_media":0,"parent":0,"menu_order":0,"comment_status":"closed","ping_status":"closed","template":"","meta":{"_et_pb_use_builder":"on","_et_pb_old_content":"","_et_gb_content_width":"","inline_featured_image":false,"footnotes":""},"class_list":["post-547","page","type-page","status-publish","hentry"],"_links":{"self":[{"href":"https:\/\/anticslfb.com\/ca\/wp-json\/wp\/v2\/pages\/547","targetHints":{"allow":["GET"]}}],"collection":[{"href":"https:\/\/anticslfb.com\/ca\/wp-json\/wp\/v2\/pages"}],"about":[{"href":"https:\/\/anticslfb.com\/ca\/wp-json\/wp\/v2\/types\/page"}],"author":[{"embeddable":true,"href":"https:\/\/anticslfb.com\/ca\/wp-json\/wp\/v2\/users\/1"}],"replies":[{"embeddable":true,"href":"https:\/\/anticslfb.com\/ca\/wp-json\/wp\/v2\/comments?post=547"}],"version-history":[{"count":2,"href":"https:\/\/anticslfb.com\/ca\/wp-json\/wp\/v2\/pages\/547\/revisions"}],"predecessor-version":[{"id":1562,"href":"https:\/\/anticslfb.com\/ca\/wp-json\/wp\/v2\/pages\/547\/revisions\/1562"}],"wp:attachment":[{"href":"https:\/\/anticslfb.com\/ca\/wp-json\/wp\/v2\/media?parent=547"}],"curies":[{"name":"wp","href":"https:\/\/api.w.org\/{rel}","templated":true}]}}