{"id":532,"date":"2021-05-19T19:08:12","date_gmt":"2021-05-19T17:08:12","guid":{"rendered":"https:\/\/anticslfb.com\/?page_id=532"},"modified":"2021-12-16T11:57:14","modified_gmt":"2021-12-16T10:57:14","slug":"asociacion","status":"publish","type":"page","link":"https:\/\/anticslfb.com\/es\/asociacion\/","title":{"rendered":"Asociaci\u00f3n"},"content":{"rendered":"<p>[et_pb_section fb_built=\u00bb1&#8243; _builder_version=\u00bb4.9.2&#8243; _module_preset=\u00bbdefault\u00bb background_color=\u00bb#001e99&#8243; custom_padding=\u00bb30px||30px||false|false\u00bb][et_pb_row width=\u00bb100%\u00bb _builder_version=\u00bb4.9.2&#8243; _module_preset=\u00bbdefault\u00bb max_width=\u00bb2560px\u00bb][et_pb_column type=\u00bb4_4&#8243; _builder_version=\u00bb4.9.2&#8243; _module_preset=\u00bbdefault\u00bb][et_pb_text _builder_version=\u00bb4.9.2&#8243; _module_preset=\u00bbdefault\u00bb text_text_color=\u00bb#ffffff\u00bb header_font=\u00bbPaytone One|||on|||||\u00bb header_text_align=\u00bbcenter\u00bb header_text_color=\u00bb#ffffff\u00bb header_font_size=\u00bb32px\u00bb text_orientation=\u00bbcenter\u00bb]<\/p>\n<h1>La asociaci\u00f3n<\/h1>\n<p>[\/et_pb_text][\/et_pb_column][\/et_pb_row][\/et_pb_section][et_pb_section fb_built=\u00bb1&#8243; _builder_version=\u00bb4.9.2&#8243; _module_preset=\u00bbdefault\u00bb custom_padding=\u00bb30px||||false|false\u00bb][et_pb_row _builder_version=\u00bb4.9.2&#8243; _module_preset=\u00bbdefault\u00bb][et_pb_column type=\u00bb4_4&#8243; _builder_version=\u00bb4.9.2&#8243; _module_preset=\u00bbdefault\u00bb][et_pb_text _builder_version=\u00bb4.9.2&#8243; _module_preset=\u00bbdefault\u00bb]<p> Nuestra escuela es una escuela de grandes personajes y grandes trayectorias. Haber estudiado en el Lyc\u00e9e marca de por vida, porque el Lyc\u00e9e es mucho m\u00e1s que una escuela, forja personajes y determina una cierta forma de abordar su vida profesional y personal. No es de extra\u00f1ar que nos hayan ense\u00f1ado a pensar por nosotros mismos, a ser cr\u00edticos e inconformistas; en definitiva, una escuela que no nos juzg\u00f3 pero que nos ayud\u00f3 a encontrar nuestro propio camino y nos condujo a lo que somos hoy.<\/p>\n<p> Todos conoc\u00e9is el cuento <i>\"El Principito\"<\/i> de Saint-Exup\u00e9ry. Seg\u00fan \u00e9l todos tenemos un Principito en nosotros, solo tenemos que saber c\u00f3mo encontrarlo. El Lyc\u00e9e Fran\u00e7ais de Barcelona nos ayud\u00f3 a encontrar ese Principito en nosotros que nos permiti\u00f3 hacer realidad nuestros proyectos y nuestros sue\u00f1os. <\/p>\n<p> El objetivo de esta asociaci\u00f3n es reconocer a esta instituci\u00f3n que tanto amamos y a la que queremos agradecer el incansable trabajo realizado durante exactamente 97 a\u00f1os, aunque nuestro a\u00f1o de Terminale est\u00e1 muy lejos para algunos. Antics LFB quiere involucrarse y ser \u00fatil en una sociedad que est\u00e1 redefiniendo sus valores proyect\u00e1ndose en diferentes escenarios del futuro.<\/p>\n<p> Miles de exalumnos llevan en el coraz\u00f3n un valioso bagaje lleno de amistades, recuerdos, aprendizajes y vivencias que los sigue uniendo con lo que el Lyc\u00e9e signific\u00f3 para ellos en su infancia y adolescencia.<\/p>\n<p> El Lyc\u00e9e Fran\u00e7ais de Barcelona celebrar\u00e1 su centenario durante el curso escolar 2024-2025, y Antics LFB desea estar entre los protagonistas de este gran evento.<\/p>[\/et_pb_text][\/et_pb_column][\/et_pb_row][\/et_pb_section]<\/p>\n","protected":false},"excerpt":{"rendered":"<p>[et_pb_section fb_built=\u00bb1&#8243; _builder_version=\u00bb4.9.2&#8243; _module_preset=\u00bbdefault\u00bb background_color=\u00bb#001e99&#8243; custom_padding=\u00bb30px||30px||false|false\u00bb][et_pb_row width=\u00bb100%\u00bb _builder_version=\u00bb4.9.2&#8243; _module_preset=\u00bbdefault\u00bb max_width=\u00bb2560px\u00bb][et_pb_column type=\u00bb4_4&#8243; _builder_version=\u00bb4.9.2&#8243; _module_preset=\u00bbdefault\u00bb][et_pb_text _builder_version=\u00bb4.9.2&#8243; _module_preset=\u00bbdefault\u00bb text_text_color=\u00bb#ffffff\u00bb header_font=\u00bbPaytone One|||on|||||\u00bb header_text_align=\u00bbcenter\u00bb header_text_color=\u00bb#ffffff\u00bb header_font_size=\u00bb32px\u00bb text_orientation=\u00bbcenter\u00bb] [\/et_pb_text][\/et_pb_column][\/et_pb_row][\/et_pb_section][et_pb_section fb_built=\u00bb1&#8243; _builder_version=\u00bb4.9.2&#8243; _module_preset=\u00bbdefault\u00bb custom_padding=\u00bb30px||||false|false\u00bb][et_pb_row _builder_version=\u00bb4.9.2&#8243; _module_preset=\u00bbdefault\u00bb][et_pb_column type=\u00bb4_4&#8243; _builder_version=\u00bb4.9.2&#8243; _module_preset=\u00bbdefault\u00bb][et_pb_text _builder_version=\u00bb4.9.2&#8243; _module_preset=\u00bbdefault\u00bb][\/et_pb_text][\/et_pb_column][\/et_pb_row][\/et_pb_section]<\/p>\n","protected":false},"author":1,"featured_media":0,"parent":0,"menu_order":0,"comment_status":"closed","ping_status":"closed","template":"","meta":{"_et_pb_use_builder":"on","_et_pb_old_content":"","_et_gb_content_width":"","inline_featured_image":false,"footnotes":""},"class_list":["post-532","page","type-page","status-publish","hentry"],"_links":{"self":[{"href":"https:\/\/anticslfb.com\/es\/wp-json\/wp\/v2\/pages\/532","targetHints":{"allow":["GET"]}}],"collection":[{"href":"https:\/\/anticslfb.com\/es\/wp-json\/wp\/v2\/pages"}],"about":[{"href":"https:\/\/anticslfb.com\/es\/wp-json\/wp\/v2\/types\/page"}],"author":[{"embeddable":true,"href":"https:\/\/anticslfb.com\/es\/wp-json\/wp\/v2\/users\/1"}],"replies":[{"embeddable":true,"href":"https:\/\/anticslfb.com\/es\/wp-json\/wp\/v2\/comments?post=532"}],"version-history":[{"count":2,"href":"https:\/\/anticslfb.com\/es\/wp-json\/wp\/v2\/pages\/532\/revisions"}],"predecessor-version":[{"id":1560,"href":"https:\/\/anticslfb.com\/es\/wp-json\/wp\/v2\/pages\/532\/revisions\/1560"}],"wp:attachment":[{"href":"https:\/\/anticslfb.com\/es\/wp-json\/wp\/v2\/media?parent=532"}],"curies":[{"name":"wp","href":"https:\/\/api.w.org\/{rel}","templated":true}]}}